


{"id":80,"date":"2015-08-25T20:19:42","date_gmt":"2015-08-25T19:19:42","guid":{"rendered":"http:\/\/unite34bw.scoutnet.be\/?page_id=80"},"modified":"2016-09-13T15:20:12","modified_gmt":"2016-09-13T14:20:12","slug":"lunite","status":"publish","type":"page","link":"https:\/\/www.34bw.be\/?page_id=80","title":{"rendered":"L&rsquo;unit\u00e9"},"content":{"rendered":"<p>L\u2019unit\u00e9 aurait \u00e9t\u00e9 cr\u00e9\u00e9e \u00e0 partir de l\u2019unit\u00e9 de Genappe en 1963. A ce moment-l\u00e0, elle portait le code 3\u00e8me Nivelles.<\/p>\n<p>Elle prend le nom de 34 RP en 1989, lors d\u2019une restructuration du Brabant Wallon.<br \/>\nEn 1971, il y avait un animateur d\u2019unit\u00e9, son assistant, 4 animateurs et 21 Louveteaux. Il y avait m\u00eame un m\u00e9decin d\u2019unit\u00e9 (c\u2019\u00e9tait la r\u00e8gle \u00e0 l\u2019\u00e9poque).<br \/>\nEn 1981,  la troupe des \u00c9claireurs appara\u00eet : ils sont 11.<br \/>\nEn 1999, les premiers Baladins arrivent et ils sont 10.<br \/>\nLes pionniers ont \u00e9galement fait leur apparition depuis.<\/p>\n<p>L&rsquo;unit\u00e9 s&rsquo;est depuis bien d\u00e9velopp\u00e9e, comptant plus de 100 membres r\u00e9partis dans les quatre sections. Elle se veut malgr\u00e9 tout familiale, tant au niveau du nombre d&rsquo;anim\u00e9s que de l&rsquo;ambiance.<\/p>\n","protected":false},"excerpt":{"rendered":"<p>L\u2019unit\u00e9 aurait \u00e9t\u00e9 cr\u00e9\u00e9e \u00e0 partir de l\u2019unit\u00e9 de Genappe en 1963. A ce moment-l\u00e0, elle portait le code 3\u00e8me Nivelles. Elle prend le nom de 34 RP en 1989, lors d\u2019une restructuration du Brabant Wallon. En 1971, il y avait un animateur d\u2019unit\u00e9, son assistant, 4 animateurs et 21 Louveteaux. Il y avait m\u00eame un m\u00e9decin d\u2019unit\u00e9 (c\u2019\u00e9tait la r\u00e8gle \u00e0 l\u2019\u00e9poque). En 1981, la troupe des \u00c9claireurs appara\u00eet : ils sont 11. En 1999, les premiers Baladins arrivent et ils sont 10. Les pionniers ont \u00e9galement fait leur apparition depuis. L&rsquo;unit\u00e9 s&rsquo;est depuis bien d\u00e9velopp\u00e9e, comptant plus de 100 membres r\u00e9partis dans les quatre sections. Elle se veut malgr\u00e9 tout familiale, tant au niveau du nombre d&rsquo;anim\u00e9s que de l&rsquo;ambiance.<\/p>\n","protected":false},"author":1,"featured_media":0,"parent":0,"menu_order":0,"comment_status":"closed","ping_status":"closed","template":"","meta":{"footnotes":""},"folder":[],"class_list":["post-80","page","type-page","status-publish","hentry"],"jetpack_sharing_enabled":true,"jetpack_shortlink":"https:\/\/wp.me\/P6EvnD-1i","_links":{"self":[{"href":"https:\/\/www.34bw.be\/index.php?rest_route=\/wp\/v2\/pages\/80","targetHints":{"allow":["GET"]}}],"collection":[{"href":"https:\/\/www.34bw.be\/index.php?rest_route=\/wp\/v2\/pages"}],"about":[{"href":"https:\/\/www.34bw.be\/index.php?rest_route=\/wp\/v2\/types\/page"}],"author":[{"embeddable":true,"href":"https:\/\/www.34bw.be\/index.php?rest_route=\/wp\/v2\/users\/1"}],"replies":[{"embeddable":true,"href":"https:\/\/www.34bw.be\/index.php?rest_route=%2Fwp%2Fv2%2Fcomments&post=80"}],"version-history":[{"count":1,"href":"https:\/\/www.34bw.be\/index.php?rest_route=\/wp\/v2\/pages\/80\/revisions"}],"predecessor-version":[{"id":1031,"href":"https:\/\/www.34bw.be\/index.php?rest_route=\/wp\/v2\/pages\/80\/revisions\/1031"}],"wp:attachment":[{"href":"https:\/\/www.34bw.be\/index.php?rest_route=%2Fwp%2Fv2%2Fmedia&parent=80"}],"wp:term":[{"taxonomy":"folder","embeddable":true,"href":"https:\/\/www.34bw.be\/index.php?rest_route=%2Fwp%2Fv2%2Ffolder&post=80"}],"curies":[{"name":"wp","href":"https:\/\/api.w.org\/{rel}","templated":true}]}}