


{"id":550,"date":"2015-10-01T19:22:20","date_gmt":"2015-10-01T18:22:20","guid":{"rendered":"http:\/\/34bw.be\/?page_id=550"},"modified":"2025-10-10T15:58:25","modified_gmt":"2025-10-10T13:58:25","slug":"document","status":"publish","type":"page","link":"https:\/\/www.34bw.be\/?page_id=550","title":{"rendered":"Documents"},"content":{"rendered":"<h3 style=\"text-align: left;\">Organisation de l&rsquo;ann\u00e9e<\/h3>\n<p><a href=\"https:\/\/34bw.be\/wp-content\/uploads\/2025\/10\/Dossier-de-rentre\u0301e-2025.pdf\">Dossier de rentr\u00e9e 2025<\/a>.<\/p>\n<h3 style=\"text-align: left;\">Administratif<\/h3>\n<p style=\"text-align: left;\"><a href=\"https:\/\/34bw.be\/wp-content\/uploads\/2024\/03\/LesScouts_fichem\u00e9dicale.docx\">Fiche sant\u00e9 individuelle<\/a>\u00a0\u00e0 remettre aux animateurs en d\u00e9but d&rsquo;ann\u00e9e et avant le camp.<\/p>\n<p>L&rsquo;<a href=\"https:\/\/34bw.be\/wp-content\/uploads\/2023\/09\/Les_Scouts_Autorisation_Parentale_ann\u00e9e.docx\">autorisation parentale<\/a>\u00a0\u00e0 remettre aux animateurs en d\u00e9but d&rsquo;ann\u00e9e<\/p>\n<p>L&rsquo;<a href=\"https:\/\/34bw.be\/wp-content\/uploads\/2023\/09\/Les_Scouts_Autorisation_Parentale_Camp.docx\">autorisation parentale\u00a0<\/a>\u00e0 remettre aux animateurs avant le camp.<\/p>\n<p>L&rsquo;autorisation parentale pour les <a href=\"https:\/\/34bw.be\/wp-content\/uploads\/2023\/09\/Les_Scouts_autorisation_publication_photos_videos_droit_image.docx\">droits \u00e0 l&rsquo;image<\/a><\/p>\n<p>L&rsquo;autorisation parentale en cas d&rsquo;<a href=\"https:\/\/34bw.be\/wp-content\/uploads\/2023\/09\/Les_Scouts_Autorisation_m\u00e9dicaments.docx\">administration de m\u00e9dicament<\/a><\/p>\n","protected":false},"excerpt":{"rendered":"<p>Organisation de l&rsquo;ann\u00e9e Dossier de rentr\u00e9e 2025. Administratif Fiche sant\u00e9 individuelle\u00a0\u00e0 remettre aux animateurs en d\u00e9but d&rsquo;ann\u00e9e et avant le camp. L&rsquo;autorisation parentale\u00a0\u00e0 remettre aux animateurs en d\u00e9but d&rsquo;ann\u00e9e L&rsquo;autorisation parentale\u00a0\u00e0 remettre aux animateurs avant le camp. L&rsquo;autorisation parentale pour les droits \u00e0 l&rsquo;image L&rsquo;autorisation parentale en cas d&rsquo;administration de m\u00e9dicament<\/p>\n","protected":false},"author":1,"featured_media":0,"parent":0,"menu_order":0,"comment_status":"closed","ping_status":"closed","template":"","meta":{"footnotes":""},"folder":[],"class_list":["post-550","page","type-page","status-publish","hentry"],"jetpack_sharing_enabled":true,"jetpack_shortlink":"https:\/\/wp.me\/P6EvnD-8S","_links":{"self":[{"href":"https:\/\/www.34bw.be\/index.php?rest_route=\/wp\/v2\/pages\/550","targetHints":{"allow":["GET"]}}],"collection":[{"href":"https:\/\/www.34bw.be\/index.php?rest_route=\/wp\/v2\/pages"}],"about":[{"href":"https:\/\/www.34bw.be\/index.php?rest_route=\/wp\/v2\/types\/page"}],"author":[{"embeddable":true,"href":"https:\/\/www.34bw.be\/index.php?rest_route=\/wp\/v2\/users\/1"}],"replies":[{"embeddable":true,"href":"https:\/\/www.34bw.be\/index.php?rest_route=%2Fwp%2Fv2%2Fcomments&post=550"}],"version-history":[{"count":40,"href":"https:\/\/www.34bw.be\/index.php?rest_route=\/wp\/v2\/pages\/550\/revisions"}],"predecessor-version":[{"id":2088,"href":"https:\/\/www.34bw.be\/index.php?rest_route=\/wp\/v2\/pages\/550\/revisions\/2088"}],"wp:attachment":[{"href":"https:\/\/www.34bw.be\/index.php?rest_route=%2Fwp%2Fv2%2Fmedia&parent=550"}],"wp:term":[{"taxonomy":"folder","embeddable":true,"href":"https:\/\/www.34bw.be\/index.php?rest_route=%2Fwp%2Fv2%2Ffolder&post=550"}],"curies":[{"name":"wp","href":"https:\/\/api.w.org\/{rel}","templated":true}]}}