


{"id":55,"date":"2015-08-25T20:12:41","date_gmt":"2015-08-25T19:12:41","guid":{"rendered":"http:\/\/unite34bw.scoutnet.be\/?page_id=55"},"modified":"2015-08-25T20:12:41","modified_gmt":"2015-08-25T19:12:41","slug":"les-louveteaux","status":"publish","type":"page","link":"https:\/\/www.34bw.be\/?page_id=55","title":{"rendered":"Les louveteaux"},"content":{"rendered":"<p class=\"bodytext\"><img loading=\"lazy\" decoding=\"async\" class=\"size-medium wp-image-124 alignright\" src=\"http:\/\/unite34bw.scoutnet.be\/wp-content\/uploads\/2015\/08\/logo_louveteaux.jpg-296x300.jpg\" alt=\"logo_louveteaux.jpg\" width=\"296\" height=\"300\" srcset=\"https:\/\/34bw.be\/wp-content\/uploads\/2015\/08\/logo_louveteaux.jpg-296x300.jpg 296w, https:\/\/34bw.be\/wp-content\/uploads\/2015\/08\/logo_louveteaux.jpg.jpg 741w\" sizes=\"auto, (max-width: 296px) 100vw, 296px\" \/>Entre 8 et 12 ans, l\u2019enfant traverse une p\u00e9riode d\u2019approfondissement de la relation aux autres. De plus en plus conscient des m\u00e9canismes de la vie en communaut\u00e9, il aime se sentir membre \u00e0 part enti\u00e8re des groupes auxquels il participe.<\/p>\n<p class=\"bodytext\">La meute offre \u00e0 l\u2019enfant un espace pour exp\u00e9rimenter toutes les composantes de cette vie sociale. En acceptant des responsabilit\u00e9s adapt\u00e9es \u00e0 son \u00e2ge, l\u2019enfant continue \u00e0 prendre confiance.<\/p>\n<p class=\"bodytext\"><b>Gr\u00e2ce \u00e0 ce que l\u2019animateur met en place, le louveteau prend plaisir \u00e0 \u00e9couter, s\u2019affirmer, respecter, partager, agir en coop\u00e9ration et prend conscience de ce qu\u2019il vit \u00e0 la meute.<\/b><\/p>\n","protected":false},"excerpt":{"rendered":"<p>Entre 8 et 12 ans, l\u2019enfant traverse une p\u00e9riode d\u2019approfondissement de la relation aux autres. De plus en plus conscient des m\u00e9canismes de la vie en communaut\u00e9, il aime se sentir membre \u00e0 part enti\u00e8re des groupes auxquels il participe. La meute offre \u00e0 l\u2019enfant un espace pour exp\u00e9rimenter toutes les composantes de cette vie sociale. En acceptant des responsabilit\u00e9s adapt\u00e9es \u00e0 son \u00e2ge, l\u2019enfant continue \u00e0 prendre confiance. Gr\u00e2ce \u00e0 ce que l\u2019animateur met en place, le louveteau prend plaisir \u00e0 \u00e9couter, s\u2019affirmer, respecter, partager, agir en coop\u00e9ration et prend conscience de ce qu\u2019il vit \u00e0 la meute.<\/p>\n","protected":false},"author":1,"featured_media":0,"parent":0,"menu_order":0,"comment_status":"closed","ping_status":"closed","template":"","meta":{"footnotes":""},"folder":[],"class_list":["post-55","page","type-page","status-publish","hentry"],"jetpack_sharing_enabled":true,"jetpack_shortlink":"https:\/\/wp.me\/P6EvnD-T","_links":{"self":[{"href":"https:\/\/www.34bw.be\/index.php?rest_route=\/wp\/v2\/pages\/55","targetHints":{"allow":["GET"]}}],"collection":[{"href":"https:\/\/www.34bw.be\/index.php?rest_route=\/wp\/v2\/pages"}],"about":[{"href":"https:\/\/www.34bw.be\/index.php?rest_route=\/wp\/v2\/types\/page"}],"author":[{"embeddable":true,"href":"https:\/\/www.34bw.be\/index.php?rest_route=\/wp\/v2\/users\/1"}],"replies":[{"embeddable":true,"href":"https:\/\/www.34bw.be\/index.php?rest_route=%2Fwp%2Fv2%2Fcomments&post=55"}],"version-history":[{"count":0,"href":"https:\/\/www.34bw.be\/index.php?rest_route=\/wp\/v2\/pages\/55\/revisions"}],"wp:attachment":[{"href":"https:\/\/www.34bw.be\/index.php?rest_route=%2Fwp%2Fv2%2Fmedia&parent=55"}],"wp:term":[{"taxonomy":"folder","embeddable":true,"href":"https:\/\/www.34bw.be\/index.php?rest_route=%2Fwp%2Fv2%2Ffolder&post=55"}],"curies":[{"name":"wp","href":"https:\/\/api.w.org\/{rel}","templated":true}]}}