


{"id":35,"date":"2015-08-25T15:20:55","date_gmt":"2015-08-25T14:20:55","guid":{"rendered":"http:\/\/unite34bw.scoutnet.be\/?page_id=35"},"modified":"2016-09-13T14:12:32","modified_gmt":"2016-09-13T13:12:32","slug":"les-baladins","status":"publish","type":"page","link":"https:\/\/www.34bw.be\/?page_id=35","title":{"rendered":"Les baladins"},"content":{"rendered":"<p class=\"bodytext\"><img loading=\"lazy\" decoding=\"async\" class=\"size-medium wp-image-122 alignright\" src=\"http:\/\/unite34bw.scoutnet.be\/wp-content\/uploads\/2015\/08\/logo_baladins-292x300.jpg\" alt=\"baladins\" width=\"292\" height=\"300\" srcset=\"https:\/\/34bw.be\/wp-content\/uploads\/2015\/08\/logo_baladins-292x300.jpg 292w, https:\/\/34bw.be\/wp-content\/uploads\/2015\/08\/logo_baladins.jpg 778w\" sizes=\"auto, (max-width: 292px) 100vw, 292px\" \/>\u00c0 l\u2019\u00e2ge des baladins (6 \u00e0 8 ans), l\u2019enfant conna\u00eet de grands changements, tant sur le plan intellectuel que relationnel. Pour profiter de toutes ses d\u00e9couvertes, il a besoin d\u2019acqu\u00e9rir la confiance indispensable \u00e0 son \u00e9panouissement.<\/p>\n<p class=\"bodytext\">La premi\u00e8re \u00e9tape du parcours scout lui offre un temps pour prendre confiance en lui, en les autres et en le monde.<\/p>\n<p class=\"bodytext\"><b>Gr\u00e2ce \u00e0 ce que l\u2019animateur met en place, le baladin prend plaisir \u00e0 rencontrer, savoir, conna\u00eetre, oser, essayer, y arriver et s\u2019\u00e9merveiller.<\/b><\/p>\n","protected":false},"excerpt":{"rendered":"<p>\u00c0 l\u2019\u00e2ge des baladins (6 \u00e0 8 ans), l\u2019enfant conna\u00eet de grands changements, tant sur le plan intellectuel que relationnel. Pour profiter de toutes ses d\u00e9couvertes, il a besoin d\u2019acqu\u00e9rir la confiance indispensable \u00e0 son \u00e9panouissement. La premi\u00e8re \u00e9tape du parcours scout lui offre un temps pour prendre confiance en lui, en les autres et en le monde. Gr\u00e2ce \u00e0 ce que l\u2019animateur met en place, le baladin prend plaisir \u00e0 rencontrer, savoir, conna\u00eetre, oser, essayer, y arriver et s\u2019\u00e9merveiller.<\/p>\n","protected":false},"author":1,"featured_media":0,"parent":0,"menu_order":0,"comment_status":"closed","ping_status":"closed","template":"","meta":{"footnotes":""},"folder":[],"class_list":["post-35","page","type-page","status-publish","hentry"],"jetpack_sharing_enabled":true,"jetpack_shortlink":"https:\/\/wp.me\/P6EvnD-z","_links":{"self":[{"href":"https:\/\/www.34bw.be\/index.php?rest_route=\/wp\/v2\/pages\/35","targetHints":{"allow":["GET"]}}],"collection":[{"href":"https:\/\/www.34bw.be\/index.php?rest_route=\/wp\/v2\/pages"}],"about":[{"href":"https:\/\/www.34bw.be\/index.php?rest_route=\/wp\/v2\/types\/page"}],"author":[{"embeddable":true,"href":"https:\/\/www.34bw.be\/index.php?rest_route=\/wp\/v2\/users\/1"}],"replies":[{"embeddable":true,"href":"https:\/\/www.34bw.be\/index.php?rest_route=%2Fwp%2Fv2%2Fcomments&post=35"}],"version-history":[{"count":1,"href":"https:\/\/www.34bw.be\/index.php?rest_route=\/wp\/v2\/pages\/35\/revisions"}],"predecessor-version":[{"id":1004,"href":"https:\/\/www.34bw.be\/index.php?rest_route=\/wp\/v2\/pages\/35\/revisions\/1004"}],"wp:attachment":[{"href":"https:\/\/www.34bw.be\/index.php?rest_route=%2Fwp%2Fv2%2Fmedia&parent=35"}],"wp:term":[{"taxonomy":"folder","embeddable":true,"href":"https:\/\/www.34bw.be\/index.php?rest_route=%2Fwp%2Fv2%2Ffolder&post=35"}],"curies":[{"name":"wp","href":"https:\/\/api.w.org\/{rel}","templated":true}]}}