


{"id":175,"date":"2015-08-26T15:43:14","date_gmt":"2015-08-26T14:43:14","guid":{"rendered":"http:\/\/unite34bw.scoutnet.be\/?page_id=175"},"modified":"2016-09-13T14:14:00","modified_gmt":"2016-09-13T13:14:00","slug":"les-pionniers","status":"publish","type":"page","link":"https:\/\/www.34bw.be\/?page_id=175","title":{"rendered":"Les pionniers"},"content":{"rendered":"<h4 class=\"bodytext\"><img loading=\"lazy\" decoding=\"async\" class=\"size-medium wp-image-176 alignright\" src=\"http:\/\/unite34bw.scoutnet.be\/wp-content\/uploads\/2015\/08\/logo_pionniers-296x300.jpg\" alt=\"logo_pionniers\" width=\"296\" height=\"300\" srcset=\"https:\/\/34bw.be\/wp-content\/uploads\/2015\/08\/logo_pionniers-296x300.jpg 296w, https:\/\/34bw.be\/wp-content\/uploads\/2015\/08\/logo_pionniers.jpg 757w\" sizes=\"auto, (max-width: 296px) 100vw, 296px\" \/>Entre 16 et 18 ans, le jeune est en qu\u00eate d\u2019id\u00e9aux et souhaite \u00e9largir son horizon.<\/h4>\n<p class=\"bodytext\">Au poste, le pionnier se d\u00e9couvre citoyen du monde et essaie d\u2019y prendre place en mettant ses comp\u00e9tences et son \u00e9nergie au service des autres et de ses convictions.<\/p>\n<p class=\"bodytext\"><b>Gr\u00e2ce au soutien de l\u2019animateur, le pionnier prend plaisir \u00e0 faire le point, adh\u00e9rer, assumer, r\u00e9fl\u00e9chir \u00e0 son avenir, agir en coh\u00e9rence avec ses croyances et aller au bout de ses r\u00eaves.<\/b><\/p>\n<p class=\"bodytext\">\n","protected":false},"excerpt":{"rendered":"<p>Entre 16 et 18 ans, le jeune est en qu\u00eate d\u2019id\u00e9aux et souhaite \u00e9largir son horizon. Au poste, le pionnier se d\u00e9couvre citoyen du monde et essaie d\u2019y prendre place en mettant ses comp\u00e9tences et son \u00e9nergie au service des autres et de ses convictions. Gr\u00e2ce au soutien de l\u2019animateur, le pionnier prend plaisir \u00e0 faire le point, adh\u00e9rer, assumer, r\u00e9fl\u00e9chir \u00e0 son avenir, agir en coh\u00e9rence avec ses croyances et aller au bout de ses r\u00eaves.<\/p>\n","protected":false},"author":1,"featured_media":0,"parent":0,"menu_order":0,"comment_status":"closed","ping_status":"closed","template":"","meta":{"footnotes":""},"folder":[],"class_list":["post-175","page","type-page","status-publish","hentry"],"jetpack_sharing_enabled":true,"jetpack_shortlink":"https:\/\/wp.me\/P6EvnD-2P","_links":{"self":[{"href":"https:\/\/www.34bw.be\/index.php?rest_route=\/wp\/v2\/pages\/175","targetHints":{"allow":["GET"]}}],"collection":[{"href":"https:\/\/www.34bw.be\/index.php?rest_route=\/wp\/v2\/pages"}],"about":[{"href":"https:\/\/www.34bw.be\/index.php?rest_route=\/wp\/v2\/types\/page"}],"author":[{"embeddable":true,"href":"https:\/\/www.34bw.be\/index.php?rest_route=\/wp\/v2\/users\/1"}],"replies":[{"embeddable":true,"href":"https:\/\/www.34bw.be\/index.php?rest_route=%2Fwp%2Fv2%2Fcomments&post=175"}],"version-history":[{"count":1,"href":"https:\/\/www.34bw.be\/index.php?rest_route=\/wp\/v2\/pages\/175\/revisions"}],"predecessor-version":[{"id":1006,"href":"https:\/\/www.34bw.be\/index.php?rest_route=\/wp\/v2\/pages\/175\/revisions\/1006"}],"wp:attachment":[{"href":"https:\/\/www.34bw.be\/index.php?rest_route=%2Fwp%2Fv2%2Fmedia&parent=175"}],"wp:term":[{"taxonomy":"folder","embeddable":true,"href":"https:\/\/www.34bw.be\/index.php?rest_route=%2Fwp%2Fv2%2Ffolder&post=175"}],"curies":[{"name":"wp","href":"https:\/\/api.w.org\/{rel}","templated":true}]}}