


{"id":1373,"date":"2018-02-13T14:41:04","date_gmt":"2018-02-13T13:41:04","guid":{"rendered":"http:\/\/34bw.be\/?page_id=1373"},"modified":"2018-02-13T14:57:55","modified_gmt":"2018-02-13T13:57:55","slug":"travaux","status":"publish","type":"page","link":"https:\/\/www.34bw.be\/?page_id=1373","title":{"rendered":"Travaux"},"content":{"rendered":"<p>Quiconque s&rsquo;est d\u00e9j\u00e0 rendu aux locaux de notre unit\u00e9 sait \u00e0 quel point ceux-ci sont le t\u00e9moignage d&rsquo;un savoir-faire technique sans \u00e9gal.<\/p>\n<p>La stabilit\u00e9 du local loup est bien s\u00e9curis\u00e9e par un c\u00e2ble en m\u00e9tal et son plancher est toujours constitu\u00e9 d&rsquo;une majorit\u00e9 de bois et non de trous. Les fen\u00eatres qui ne s&rsquo;ouvrent plus emp\u00eachent les cambriolages et les chauffages qui datent de 1972 lui donnent un certain cachet. Quant au local scout, son bardage ab\u00eem\u00e9, sa dalle en b\u00e9ton aust\u00e8re et sale ainsi que sa porte en carton rappellent aux scouts la n\u00e9cessit\u00e9 de s&rsquo;adapter \u00e0 leur milieu.<\/p>\n<div class=\"mceTemp\"><\/div>\n<p>L&rsquo;an pass\u00e9, le local du bas (celui en briques) a \u00e9t\u00e9 remis en \u00e9tat afin d&rsquo;accueillir les pionniers qui n&rsquo;avaient pas de local \u00e0 eux. Une premi\u00e8re \u00e9tape dans la r\u00e9novation plus que n\u00e9cessaire des locaux ! Apr\u00e8s tant d&rsquo;ann\u00e9es de rafistolages en tous genres des locaux louveteaux et scouts, il nous a fallu faire une constatation difficile : ces r\u00e9parations s&rsquo;apparentaient \u00e0 de l&rsquo;acharnement m\u00e9dical.<\/p>\n<p>Il est donc temps de franchir le pas : d\u00e9truire les locaux actuels et en reconstruire d&rsquo;autres.\u00a0 Les d\u00e9marches avancent bien et nous devrions pouvoir mettre le projet en oeuvre courant de cet \u00e9t\u00e9 2018. C&rsquo;est l\u00e0 que nous aurons besoin de vous ! Nous vous donnerons rendez-vous pour 2 phases :<\/p>\n<ul>\n<li>D\u00e9molition des locaux existants (courant des mois d&rsquo;avril\/mai)<\/li>\n<li>Finition des locaux reconstruits (courant de septembre\/octobre)<\/li>\n<\/ul>\n<p>Comme vous pouvez le voir, le planning est serr\u00e9, mais ceci a pour but de pouvoir reloger les sections au plus vite pour la rentr\u00e9e 2018-2019. Nous comptons donc sur votre soutien et votre pr\u00e9sence autant que possible lors de ces diff\u00e9rents rendez-vous. Pour plus d&rsquo;infos concernant ce projet, nous vous donnons rendez-vous \u00e0 la f\u00eate d&rsquo;unit\u00e9 \ud83d\ude09<\/p>\n<p>&nbsp;<\/p>\n<p style=\"text-align: center;\"><em>Trouverez-vous l&rsquo;intrus?<\/em><\/p>\n<p><img loading=\"lazy\" decoding=\"async\" class=\"wp-image-1375 aligncenter\" style=\"text-align: center;\" src=\"http:\/\/34bw.be\/wp-content\/uploads\/2018\/02\/IMG_6411-1024x768.jpg\" alt=\"\" width=\"309\" height=\"232\" srcset=\"https:\/\/34bw.be\/wp-content\/uploads\/2018\/02\/IMG_6411-1024x768.jpg 1024w, https:\/\/34bw.be\/wp-content\/uploads\/2018\/02\/IMG_6411-300x225.jpg 300w, https:\/\/34bw.be\/wp-content\/uploads\/2018\/02\/IMG_6411-768x576.jpg 768w\" sizes=\"auto, (max-width: 309px) 100vw, 309px\" \/><img loading=\"lazy\" decoding=\"async\" class=\"wp-image-1376 aligncenter\" src=\"http:\/\/34bw.be\/wp-content\/uploads\/2018\/02\/Sarah_Ann_Island_-_Hunger_Games_Arena_34-1024x768.jpg\" alt=\"\" width=\"314\" height=\"236\" srcset=\"https:\/\/34bw.be\/wp-content\/uploads\/2018\/02\/Sarah_Ann_Island_-_Hunger_Games_Arena_34-1024x768.jpg 1024w, https:\/\/34bw.be\/wp-content\/uploads\/2018\/02\/Sarah_Ann_Island_-_Hunger_Games_Arena_34-300x225.jpg 300w, https:\/\/34bw.be\/wp-content\/uploads\/2018\/02\/Sarah_Ann_Island_-_Hunger_Games_Arena_34-768x576.jpg 768w, https:\/\/34bw.be\/wp-content\/uploads\/2018\/02\/Sarah_Ann_Island_-_Hunger_Games_Arena_34.jpg 1600w\" sizes=\"auto, (max-width: 314px) 100vw, 314px\" \/><img loading=\"lazy\" decoding=\"async\" class=\"wp-image-1374 aligncenter\" style=\"text-align: center;\" src=\"http:\/\/34bw.be\/wp-content\/uploads\/2018\/02\/IMG_6404-1024x768.jpg\" alt=\"\" width=\"317\" height=\"238\" srcset=\"https:\/\/34bw.be\/wp-content\/uploads\/2018\/02\/IMG_6404-1024x768.jpg 1024w, https:\/\/34bw.be\/wp-content\/uploads\/2018\/02\/IMG_6404-300x225.jpg 300w, https:\/\/34bw.be\/wp-content\/uploads\/2018\/02\/IMG_6404-768x576.jpg 768w\" sizes=\"auto, (max-width: 317px) 100vw, 317px\" \/><\/p>\n<p style=\"text-align: left;\">\n","protected":false},"excerpt":{"rendered":"<p>Quiconque s&rsquo;est d\u00e9j\u00e0 rendu aux locaux de notre unit\u00e9 sait \u00e0 quel point ceux-ci sont le t\u00e9moignage d&rsquo;un savoir-faire technique sans \u00e9gal. La stabilit\u00e9 du local loup est bien s\u00e9curis\u00e9e par un c\u00e2ble en m\u00e9tal et son plancher est toujours constitu\u00e9 d&rsquo;une majorit\u00e9 de bois et non de trous. Les fen\u00eatres qui ne s&rsquo;ouvrent plus emp\u00eachent les cambriolages et les chauffages qui datent de 1972 lui donnent un certain cachet. Quant au local scout, son bardage ab\u00eem\u00e9, sa dalle en b\u00e9ton aust\u00e8re et sale ainsi que sa porte en carton rappellent aux scouts la n\u00e9cessit\u00e9 de s&rsquo;adapter \u00e0 leur milieu. L&rsquo;an pass\u00e9, le local du bas (celui en briques) a \u00e9t\u00e9 remis en \u00e9tat afin d&rsquo;accueillir les pionniers qui n&rsquo;avaient pas de local \u00e0 eux. Une premi\u00e8re \u00e9tape dans la r\u00e9novation plus que n\u00e9cessaire des locaux ! Apr\u00e8s tant d&rsquo;ann\u00e9es de rafistolages en tous genres des locaux louveteaux et scouts, il nous a fallu faire une constatation difficile : ces r\u00e9parations s&rsquo;apparentaient \u00e0 de l&rsquo;acharnement m\u00e9dical. Il est donc temps de franchir le pas : d\u00e9truire les locaux actuels et en reconstruire d&rsquo;autres.\u00a0 Les d\u00e9marches avancent bien et nous devrions pouvoir mettre le projet en oeuvre courant de cet \u00e9t\u00e9 2018. C&rsquo;est l\u00e0 que nous aurons besoin de vous ! Nous vous donnerons rendez-vous pour 2 phases : D\u00e9molition des locaux existants (courant des mois d&rsquo;avril\/mai) Finition des locaux reconstruits (courant de septembre\/octobre) Comme vous pouvez le voir, le planning est serr\u00e9, mais ceci a pour but de pouvoir reloger les sections au plus vite pour la rentr\u00e9e 2018-2019. Nous comptons donc sur votre soutien et votre pr\u00e9sence autant que possible lors de ces diff\u00e9rents rendez-vous. Pour plus d&rsquo;infos concernant ce projet, nous vous donnons rendez-vous \u00e0 la f\u00eate d&rsquo;unit\u00e9 \ud83d\ude09 &nbsp; Trouverez-vous l&rsquo;intrus?<\/p>\n","protected":false},"author":3,"featured_media":0,"parent":0,"menu_order":0,"comment_status":"closed","ping_status":"closed","template":"","meta":{"footnotes":""},"folder":[],"class_list":["post-1373","page","type-page","status-publish","hentry"],"jetpack_sharing_enabled":true,"jetpack_shortlink":"https:\/\/wp.me\/P6EvnD-m9","_links":{"self":[{"href":"https:\/\/www.34bw.be\/index.php?rest_route=\/wp\/v2\/pages\/1373","targetHints":{"allow":["GET"]}}],"collection":[{"href":"https:\/\/www.34bw.be\/index.php?rest_route=\/wp\/v2\/pages"}],"about":[{"href":"https:\/\/www.34bw.be\/index.php?rest_route=\/wp\/v2\/types\/page"}],"author":[{"embeddable":true,"href":"https:\/\/www.34bw.be\/index.php?rest_route=\/wp\/v2\/users\/3"}],"replies":[{"embeddable":true,"href":"https:\/\/www.34bw.be\/index.php?rest_route=%2Fwp%2Fv2%2Fcomments&post=1373"}],"version-history":[{"count":11,"href":"https:\/\/www.34bw.be\/index.php?rest_route=\/wp\/v2\/pages\/1373\/revisions"}],"predecessor-version":[{"id":1390,"href":"https:\/\/www.34bw.be\/index.php?rest_route=\/wp\/v2\/pages\/1373\/revisions\/1390"}],"wp:attachment":[{"href":"https:\/\/www.34bw.be\/index.php?rest_route=%2Fwp%2Fv2%2Fmedia&parent=1373"}],"wp:term":[{"taxonomy":"folder","embeddable":true,"href":"https:\/\/www.34bw.be\/index.php?rest_route=%2Fwp%2Fv2%2Ffolder&post=1373"}],"curies":[{"name":"wp","href":"https:\/\/api.w.org\/{rel}","templated":true}]}}