


{"id":1304,"date":"2025-05-11T07:00:27","date_gmt":"2025-05-11T05:00:27","guid":{"rendered":"http:\/\/34bw.be\/?page_id=1304"},"modified":"2025-08-31T11:20:11","modified_gmt":"2025-08-31T09:20:11","slug":"inscriptions","status":"publish","type":"page","link":"https:\/\/www.34bw.be\/?page_id=1304","title":{"rendered":"Inscriptions"},"content":{"rendered":"<p>Pour l&rsquo;ann\u00e9e 2025-2026, les inscriptions sont cl\u00f4tur\u00e9es.<\/p>\n<p><span style=\"color: #000000;\">Les <b>inscriptions<\/b> pour l\u2019ann\u00e9e <b>2026-2027<\/b><\/span><span style=\"color: #000000;\"><b>\u00a0seront ouvertes le 10 mai<\/b> <b>2026\u00a0<\/b>(les inscriptions effectu\u00e9es avant ne seront pas prises en compte).<\/span><\/p>\n<p><span style=\"color: #000000;\">Au vu du nombre important d\u2019inscriptions auxquelles nous faisons face ces derni\u00e8res ann\u00e9es, certaines <b>r\u00e8gles de priorit\u00e9<\/b> sont en place. Les \u201caccords\u201d d\u2019inscriptions se font en deux phases. Toutes les demandes sont prises en compte \u00e0 partir du 10 mai 2026 \u00e0 9h00. <b>Du 10 mai au 31 juillet 2026<\/b>, sont prioritaires, dans l\u2019ordre, les enfants qui<\/span><\/p>\n<ol>\n<li><span style=\"color: #000000;\">sont d\u00e9j\u00e0 inscrits dans l\u2019unit\u00e9 (la r\u00e9inscription est automatique, aucune d\u00e9marche \u00e0 faire)<\/span><\/li>\n<li><span style=\"color: #000000;\">ont un fr\u00e8re ou une soeur inscrit(e) dans l\u2019unit\u00e9, ont d\u00e9j\u00e0 fait partie de l\u2019unit\u00e9 ou dont les parents sont d\u2019anciens animateurs de l\u2019unit\u00e9<\/span><\/li>\n<li><span style=\"color: #000000;\">habitent \u00e0 Houtain-le-Val<\/span><\/li>\n<li><span style=\"color: #000000;\">Si vous ne rentrez dans aucune de ces cat\u00e9gories, l\u2019ordre chronologique des inscriptions est pris en compte. Vous avez donc quand m\u00eame int\u00e9r\u00eat \u00e0 effectuer l\u2019inscription le plus t\u00f4t possible.<\/span><\/li>\n<\/ol>\n<p><span style=\"color: #000000;\">Autrement dit, le 31 juillet, nous figeons les inscriptions d\u00e9j\u00e0 effectu\u00e9es et les trions selon cet ordre de priorit\u00e9. <b>Apr\u00e8s le 31 juillet<\/b>, seul l\u2019ordre chronologique des inscriptions est pris en compte, en fonction des places encore disponibles. Inscrivez donc votre enfant avant cette date si vous voulez \u00eatre prioritaire !<\/span><\/p>\n<p style=\"text-align: center;\"><strong>Formulaire de pr\u00e9inscription. &#8211; lien activ\u00e9 le 10 mai 2026 \u00e0 9h00<\/strong><\/p>\n","protected":false},"excerpt":{"rendered":"<p>Pour l&rsquo;ann\u00e9e 2025-2026, les inscriptions sont cl\u00f4tur\u00e9es. Les inscriptions pour l\u2019ann\u00e9e 2026-2027\u00a0seront ouvertes le 10 mai 2026\u00a0(les inscriptions effectu\u00e9es avant ne seront pas prises en compte). Au vu du nombre important d\u2019inscriptions auxquelles nous faisons face ces derni\u00e8res ann\u00e9es, certaines r\u00e8gles de priorit\u00e9 sont en place. Les \u201caccords\u201d d\u2019inscriptions se font en deux phases. Toutes les demandes sont prises en compte \u00e0 partir du 10 mai 2026 \u00e0 9h00. Du 10 mai au 31 juillet 2026, sont prioritaires, dans l\u2019ordre, les enfants qui sont d\u00e9j\u00e0 inscrits dans l\u2019unit\u00e9 (la r\u00e9inscription est automatique, aucune d\u00e9marche \u00e0 faire) ont un fr\u00e8re ou une soeur inscrit(e) dans l\u2019unit\u00e9, ont d\u00e9j\u00e0 fait partie de l\u2019unit\u00e9 ou dont les parents sont d\u2019anciens animateurs de l\u2019unit\u00e9 habitent \u00e0 Houtain-le-Val Si vous ne rentrez dans aucune de ces cat\u00e9gories, l\u2019ordre chronologique des inscriptions est pris en compte. Vous avez donc quand m\u00eame int\u00e9r\u00eat \u00e0 effectuer l\u2019inscription le plus t\u00f4t possible. Autrement dit, le 31 juillet, nous figeons les inscriptions d\u00e9j\u00e0 effectu\u00e9es et les trions selon cet ordre de priorit\u00e9. Apr\u00e8s le 31 juillet, seul l\u2019ordre chronologique des inscriptions est pris en compte, en fonction des places encore disponibles. Inscrivez donc votre enfant avant cette date si vous voulez \u00eatre prioritaire ! Formulaire de pr\u00e9inscription. &#8211; lien activ\u00e9 le 10 mai 2026 \u00e0 9h00<\/p>\n","protected":false},"author":3,"featured_media":0,"parent":0,"menu_order":0,"comment_status":"closed","ping_status":"closed","template":"","meta":{"footnotes":""},"folder":[79],"class_list":["post-1304","page","type-page","status-publish","hentry"],"jetpack_sharing_enabled":true,"jetpack_shortlink":"https:\/\/wp.me\/P6EvnD-l2","_links":{"self":[{"href":"https:\/\/www.34bw.be\/index.php?rest_route=\/wp\/v2\/pages\/1304","targetHints":{"allow":["GET"]}}],"collection":[{"href":"https:\/\/www.34bw.be\/index.php?rest_route=\/wp\/v2\/pages"}],"about":[{"href":"https:\/\/www.34bw.be\/index.php?rest_route=\/wp\/v2\/types\/page"}],"author":[{"embeddable":true,"href":"https:\/\/www.34bw.be\/index.php?rest_route=\/wp\/v2\/users\/3"}],"replies":[{"embeddable":true,"href":"https:\/\/www.34bw.be\/index.php?rest_route=%2Fwp%2Fv2%2Fcomments&post=1304"}],"version-history":[{"count":56,"href":"https:\/\/www.34bw.be\/index.php?rest_route=\/wp\/v2\/pages\/1304\/revisions"}],"predecessor-version":[{"id":2059,"href":"https:\/\/www.34bw.be\/index.php?rest_route=\/wp\/v2\/pages\/1304\/revisions\/2059"}],"wp:attachment":[{"href":"https:\/\/www.34bw.be\/index.php?rest_route=%2Fwp%2Fv2%2Fmedia&parent=1304"}],"wp:term":[{"taxonomy":"folder","embeddable":true,"href":"https:\/\/www.34bw.be\/index.php?rest_route=%2Fwp%2Fv2%2Ffolder&post=1304"}],"curies":[{"name":"wp","href":"https:\/\/api.w.org\/{rel}","templated":true}]}}