


{"id":1278,"date":"2017-08-16T19:12:24","date_gmt":"2017-08-16T18:12:24","guid":{"rendered":"http:\/\/34bw.be\/?page_id=1278"},"modified":"2025-08-31T11:23:33","modified_gmt":"2025-08-31T09:23:33","slug":"bienvenue-sur-le-site-de-lunite-des-quatre-vents","status":"publish","type":"page","link":"https:\/\/www.34bw.be\/","title":{"rendered":"Bienvenue sur le site de l&rsquo;unit\u00e9 des Quatre Vents"},"content":{"rendered":"<p>Vous y trouverez toutes les informations concernant notre unit\u00e9 ainsi que les photos des activit\u00e9s, une fois connect\u00e9.<\/p>\n<h3>Informations g\u00e9n\u00e9rales<\/h3>\n<p>Pendant l&rsquo;ann\u00e9e :\u00a0 en dehors de r\u00e9unions sp\u00e9ciales, les r\u00e9unions se d\u00e9roulent le <strong>samedi de 14:00 \u00e0 18:00<\/strong>. Le lieu de rendez-vous est fix\u00e9e pour toutes les sections au terrain de foot de Houtain-le-Val, Rue de Ninove \u00e0 Houtain-le-Val<br \/>\nCamps : ils se d\u00e9roulent durant les premi\u00e8res semaines de cong\u00e9 du mois de juillet : 7 jours pour les baladins, 10 jours pour les louveteaux et 15 jours pour les scouts. Les pionniers aident \u00e0 l&rsquo;animation pendant ces camps et cr\u00e9ent leur projet pour la suite du mois de juillet.<\/p>\n<h3>Planning de l&rsquo;ann\u00e9e<\/h3>\n<p>Il vous est possible d&rsquo;importer les agendas de l&rsquo;unit\u00e9 dans votre agenda \u00e9lectronique. Rendez-vous dans la section <em>agenda<\/em> du site<br \/>\nSeul le planning du trimestre en cours est d\u00e9finitif. Les autres trimestres peuvent encore \u00eatre soumis \u00e0 adaptations.<\/p>\n<h3>Dossier de rentr\u00e9e<\/h3>\n<p>Retrouvez bient\u00f4t les infos de rentr\u00e9e 2024<\/p>\n<h3>News des sections<\/h3>\n<p>Dor\u00e9navant, les <strong>mails des diff\u00e9rentes sections<\/strong> se trouvent dans leur cat\u00e9gorie respective.<\/p>\n<h3>Inscriptions<\/h3>\n<p>Les inscriptions pour 2025-2026 sont cl\u00f4tur\u00e9es<\/p>\n<p>Les inscriptions pour 2026-2027 seront ouvertes le 10 mai 2026<\/p>\n<p><a href=\"https:\/\/34bw.be\/?page_id=1304\">Trouvez les d\u00e9tails et la proc\u00e9dure pour 2026-2027 ici<\/a>.<\/p>\n","protected":false},"excerpt":{"rendered":"<p>Vous y trouverez toutes les informations concernant notre unit\u00e9 ainsi que les photos des activit\u00e9s, une fois connect\u00e9. Informations g\u00e9n\u00e9rales Pendant l&rsquo;ann\u00e9e :\u00a0 en dehors de r\u00e9unions sp\u00e9ciales, les r\u00e9unions se d\u00e9roulent le samedi de 14:00 \u00e0 18:00. Le lieu de rendez-vous est fix\u00e9e pour toutes les sections au terrain de foot de Houtain-le-Val, Rue de Ninove \u00e0 Houtain-le-Val Camps : ils se d\u00e9roulent durant les premi\u00e8res semaines de cong\u00e9 du mois de juillet : 7 jours pour les baladins, 10 jours pour les louveteaux et 15 jours pour les scouts. Les pionniers aident \u00e0 l&rsquo;animation pendant ces camps et cr\u00e9ent leur projet pour la suite du mois de juillet. Planning de l&rsquo;ann\u00e9e Il vous est possible d&rsquo;importer les agendas de l&rsquo;unit\u00e9 dans votre agenda \u00e9lectronique. Rendez-vous dans la section agenda du site Seul le planning du trimestre en cours est d\u00e9finitif. Les autres trimestres peuvent encore \u00eatre soumis \u00e0 adaptations. Dossier de rentr\u00e9e Retrouvez bient\u00f4t les infos de rentr\u00e9e 2024 News des sections Dor\u00e9navant, les mails des diff\u00e9rentes sections se trouvent dans leur cat\u00e9gorie respective. Inscriptions Les inscriptions pour 2025-2026 sont cl\u00f4tur\u00e9es Les inscriptions pour 2026-2027 seront ouvertes le 10 mai 2026 Trouvez les d\u00e9tails et la proc\u00e9dure pour 2026-2027 ici.<\/p>\n","protected":false},"author":3,"featured_media":0,"parent":0,"menu_order":0,"comment_status":"closed","ping_status":"closed","template":"","meta":{"footnotes":""},"folder":[],"class_list":["post-1278","page","type-page","status-publish","hentry"],"jetpack_sharing_enabled":true,"jetpack_shortlink":"https:\/\/wp.me\/P6EvnD-kC","_links":{"self":[{"href":"https:\/\/www.34bw.be\/index.php?rest_route=\/wp\/v2\/pages\/1278","targetHints":{"allow":["GET"]}}],"collection":[{"href":"https:\/\/www.34bw.be\/index.php?rest_route=\/wp\/v2\/pages"}],"about":[{"href":"https:\/\/www.34bw.be\/index.php?rest_route=\/wp\/v2\/types\/page"}],"author":[{"embeddable":true,"href":"https:\/\/www.34bw.be\/index.php?rest_route=\/wp\/v2\/users\/3"}],"replies":[{"embeddable":true,"href":"https:\/\/www.34bw.be\/index.php?rest_route=%2Fwp%2Fv2%2Fcomments&post=1278"}],"version-history":[{"count":42,"href":"https:\/\/www.34bw.be\/index.php?rest_route=\/wp\/v2\/pages\/1278\/revisions"}],"predecessor-version":[{"id":2062,"href":"https:\/\/www.34bw.be\/index.php?rest_route=\/wp\/v2\/pages\/1278\/revisions\/2062"}],"wp:attachment":[{"href":"https:\/\/www.34bw.be\/index.php?rest_route=%2Fwp%2Fv2%2Fmedia&parent=1278"}],"wp:term":[{"taxonomy":"folder","embeddable":true,"href":"https:\/\/www.34bw.be\/index.php?rest_route=%2Fwp%2Fv2%2Ffolder&post=1278"}],"curies":[{"name":"wp","href":"https:\/\/api.w.org\/{rel}","templated":true}]}}