


{"id":1206,"date":"2017-03-14T15:12:11","date_gmt":"2017-03-14T14:12:11","guid":{"rendered":"http:\/\/34bw.be\/?page_id=1206"},"modified":"2018-08-17T14:06:07","modified_gmt":"2018-08-17T13:06:07","slug":"photos-2","status":"publish","type":"page","link":"https:\/\/www.34bw.be\/?page_id=1206","title":{"rendered":"Photos"},"content":{"rendered":"<p>Pour rappel, il est <strong>obligatoire de poss\u00e9der un compte<\/strong> sur le site afin d\u2019avoir acc\u00e8s aux photos. Vous pouvez <a href=\"http:\/\/34bw.be\/wp-login\/\">vous connecter \u00e0 votre compte<\/a> ou\u00a0<a href=\"http:\/\/34bw.be\/wp-login.php?action=register\">en cr\u00e9er un ici<\/a>. Un <strong>code d\u2019invitation<\/strong> vous sera alors demand\u00e9, afin de prot\u00e9ger au mieux les photos des animations. Celui-ci est disponible dans le mail de rentr\u00e9e que vous avez re\u00e7u en septembre.<\/p>\n<p>Si vous ne disposez pas d\u2019un code d\u2019invitation, vous pouvez contacter l\u2019unit\u00e9 sur son adresse mail afin de vous en procurer un.<\/p>\n<p>Si <strong>vous avez des photos des animations<\/strong> (notamment des vieilles photos), vous pouvez nous les envoyer gr\u00e2ce \u00e0\u00a0<a href=\"https:\/\/transfer.pcloud.com\/\">https:\/\/transfer.pcloud.com\/<\/a> en y indiquant l\u2019adresse mail de l\u2019unit\u00e9.<\/p>\n","protected":false},"excerpt":{"rendered":"<p>Pour rappel, il est obligatoire de poss\u00e9der un compte sur le site afin d\u2019avoir acc\u00e8s aux photos. Vous pouvez vous connecter \u00e0 votre compte ou\u00a0en cr\u00e9er un ici. Un code d\u2019invitation vous sera alors demand\u00e9, afin de prot\u00e9ger au mieux les photos des animations. Celui-ci est disponible dans le mail de rentr\u00e9e que vous avez re\u00e7u en septembre. Si vous ne disposez pas d\u2019un code d\u2019invitation, vous pouvez contacter l\u2019unit\u00e9 sur son adresse mail afin de vous en procurer un. Si vous avez des photos des animations (notamment des vieilles photos), vous pouvez nous les envoyer gr\u00e2ce \u00e0\u00a0https:\/\/transfer.pcloud.com\/ en y indiquant l\u2019adresse mail de l\u2019unit\u00e9.<\/p>\n","protected":false},"author":3,"featured_media":0,"parent":0,"menu_order":0,"comment_status":"closed","ping_status":"closed","template":"","meta":{"footnotes":""},"folder":[],"class_list":["post-1206","page","type-page","status-publish","hentry"],"jetpack_sharing_enabled":true,"jetpack_shortlink":"https:\/\/wp.me\/P6EvnD-js","_links":{"self":[{"href":"https:\/\/www.34bw.be\/index.php?rest_route=\/wp\/v2\/pages\/1206","targetHints":{"allow":["GET"]}}],"collection":[{"href":"https:\/\/www.34bw.be\/index.php?rest_route=\/wp\/v2\/pages"}],"about":[{"href":"https:\/\/www.34bw.be\/index.php?rest_route=\/wp\/v2\/types\/page"}],"author":[{"embeddable":true,"href":"https:\/\/www.34bw.be\/index.php?rest_route=\/wp\/v2\/users\/3"}],"replies":[{"embeddable":true,"href":"https:\/\/www.34bw.be\/index.php?rest_route=%2Fwp%2Fv2%2Fcomments&post=1206"}],"version-history":[{"count":5,"href":"https:\/\/www.34bw.be\/index.php?rest_route=\/wp\/v2\/pages\/1206\/revisions"}],"predecessor-version":[{"id":1502,"href":"https:\/\/www.34bw.be\/index.php?rest_route=\/wp\/v2\/pages\/1206\/revisions\/1502"}],"wp:attachment":[{"href":"https:\/\/www.34bw.be\/index.php?rest_route=%2Fwp%2Fv2%2Fmedia&parent=1206"}],"wp:term":[{"taxonomy":"folder","embeddable":true,"href":"https:\/\/www.34bw.be\/index.php?rest_route=%2Fwp%2Fv2%2Ffolder&post=1206"}],"curies":[{"name":"wp","href":"https:\/\/api.w.org\/{rel}","templated":true}]}}