


{"id":1008,"date":"2016-09-13T14:17:38","date_gmt":"2016-09-13T13:17:38","guid":{"rendered":"http:\/\/34bw.be\/?page_id=1008"},"modified":"2025-09-20T13:47:59","modified_gmt":"2025-09-20T11:47:59","slug":"luniforme-pionnier","status":"publish","type":"page","link":"https:\/\/www.34bw.be\/?page_id=1008","title":{"rendered":"L&rsquo;uniforme pionnier"},"content":{"rendered":"<p>L&rsquo;uniforme des pionniers se compose de<\/p>\n<ul>\n<li>Le foulard bleu et blanc de la 34e BW<\/li>\n<li>Une chemise rouge<\/li>\n<li>Un short (si la temp\u00e9rature ext\u00e9rieure d\u00e9passe 0\u00b0C)<\/li>\n<li>De bonnes chaussures (baskets ou bottines)<\/li>\n<\/ul>\n<p><a href=\"https:\/\/34bw.be\/wp-content\/uploads\/2025\/09\/Pionniers.png\"><img loading=\"lazy\" decoding=\"async\" class=\"alignnone size-full wp-image-2074\" src=\"https:\/\/34bw.be\/wp-content\/uploads\/2025\/09\/Pionniers.png\" alt=\"\" width=\"801\" height=\"419\" srcset=\"https:\/\/34bw.be\/wp-content\/uploads\/2025\/09\/Pionniers.png 801w, https:\/\/34bw.be\/wp-content\/uploads\/2025\/09\/Pionniers-300x157.png 300w, https:\/\/34bw.be\/wp-content\/uploads\/2025\/09\/Pionniers-768x402.png 768w\" sizes=\"auto, (max-width: 801px) 100vw, 801px\" \/><\/a><\/p>\n","protected":false},"excerpt":{"rendered":"<p>L&rsquo;uniforme des pionniers se compose de Le foulard bleu et blanc de la 34e BW Une chemise rouge Un short (si la temp\u00e9rature ext\u00e9rieure d\u00e9passe 0\u00b0C) De bonnes chaussures (baskets ou bottines)<\/p>\n","protected":false},"author":3,"featured_media":0,"parent":175,"menu_order":0,"comment_status":"closed","ping_status":"closed","template":"","meta":{"footnotes":""},"folder":[],"class_list":["post-1008","page","type-page","status-publish","hentry"],"jetpack_sharing_enabled":true,"jetpack_shortlink":"https:\/\/wp.me\/P6EvnD-gg","_links":{"self":[{"href":"https:\/\/www.34bw.be\/index.php?rest_route=\/wp\/v2\/pages\/1008","targetHints":{"allow":["GET"]}}],"collection":[{"href":"https:\/\/www.34bw.be\/index.php?rest_route=\/wp\/v2\/pages"}],"about":[{"href":"https:\/\/www.34bw.be\/index.php?rest_route=\/wp\/v2\/types\/page"}],"author":[{"embeddable":true,"href":"https:\/\/www.34bw.be\/index.php?rest_route=\/wp\/v2\/users\/3"}],"replies":[{"embeddable":true,"href":"https:\/\/www.34bw.be\/index.php?rest_route=%2Fwp%2Fv2%2Fcomments&post=1008"}],"version-history":[{"count":5,"href":"https:\/\/www.34bw.be\/index.php?rest_route=\/wp\/v2\/pages\/1008\/revisions"}],"predecessor-version":[{"id":2082,"href":"https:\/\/www.34bw.be\/index.php?rest_route=\/wp\/v2\/pages\/1008\/revisions\/2082"}],"up":[{"embeddable":true,"href":"https:\/\/www.34bw.be\/index.php?rest_route=\/wp\/v2\/pages\/175"}],"wp:attachment":[{"href":"https:\/\/www.34bw.be\/index.php?rest_route=%2Fwp%2Fv2%2Fmedia&parent=1008"}],"wp:term":[{"taxonomy":"folder","embeddable":true,"href":"https:\/\/www.34bw.be\/index.php?rest_route=%2Fwp%2Fv2%2Ffolder&post=1008"}],"curies":[{"name":"wp","href":"https:\/\/api.w.org\/{rel}","templated":true}]}}